{"id":77,"date":"2026-01-31T12:37:49","date_gmt":"2026-01-31T11:37:49","guid":{"rendered":"https:\/\/helenaterbuc.com\/?page_id=77"},"modified":"2026-02-07T22:50:21","modified_gmt":"2026-02-07T21:50:21","slug":"literature","status":"publish","type":"page","link":"https:\/\/helenaterbuc.com\/de\/literature\/","title":{"rendered":"POESIE"},"content":{"rendered":"<div class=\"wp-block-group alignfull is-style-section-3 has-global-padding is-content-justification-center is-layout-constrained wp-container-core-group-is-layout-e9104ee7 wp-block-group-is-layout-constrained\" style=\"margin-top:0;margin-bottom:0;padding-top:0px;padding-right:0;padding-bottom:var(--wp--preset--spacing--50)\">\n<p class=\"has-text-align-left alignwide has-white-color has-text-color has-link-color wp-elements-60c75fdf5e502462d4d0da2e8416c98d wp-block-paragraph\">Ein Gro\u00dfteil meiner Inspiration kommt einfach daraus, die Welt zu f\u00fchlen und zu erleben. Ich bin sehr aufmerksam, emotional und kritisch, was ich gerne in Gedichten ausdr\u00fccke. Meine Gedichte sind nicht nur Literatur \u2013 viele von ihnen werden vertont und durch einzigartige Performances zum Leben erweckt. <\/p>\n<\/div>\n\n\n\n<div class=\"wp-block-group alignfull has-vivid-cyan-blue-color has-white-background-color has-text-color has-background has-link-color wp-elements-f5ebf12bf57ee521894d2ec64ccf3ae9 has-global-padding is-layout-constrained wp-block-group-is-layout-constrained\" style=\"padding-top:0;padding-bottom:0\">\n<p class=\"has-text-align-center alignfull wp-block-paragraph\" style=\"padding-top:var(--wp--preset--spacing--20)\"><br>HOMO<\/p>\n\n\n\n<p class=\"has-text-align-center alignfull wp-block-paragraph\" style=\"padding-bottom:var(--wp--preset--spacing--40);padding-left:0\"><br>Govno<br>Gnoj<br>Ve\u010dni zastoj<br>Ri\u017e Ri\u017e Ri\u0161em<br>Cuker je droga.<br>Sem sodoben \u010dlovek.<br>MU<br>000<br>Lim1\/x = 0<br>x\u2192\u221e<br>Sem v minusu.<br>Oblast!<br>Oblast!<br>Oblast!<br>Oblast!<br>\u221e<br>V vseh pogledih<br>Brezno<br>Smrt<\/p>\n<\/div>\n\n\n\n\t\t<figure class=\"wp-block-jetpack-videopress jetpack-videopress-player aligncenter\" style=\"\" >\n\t\t\t<div class=\"jetpack-videopress-player__wrapper\"> <iframe title=\"VideoPress Video Player\" aria-label='VideoPress Video Player' width='500' height='281' src='https:\/\/videopress.com\/embed\/QWeGQq3I?cover=1&amp;autoPlay=0&amp;controls=1&amp;loop=0&amp;muted=0&amp;persistVolume=1&amp;playsinline=0&amp;preloadContent=metadata&amp;useAverageColor=1&amp;hd=0' frameborder='0' allowfullscreen data-resize-to-parent=\"true\" allow='clipboard-write'><\/iframe><script src='https:\/\/v0.wordpress.com\/js\/next\/videopress-iframe.js?m=1770107250'><\/script><\/div>\n\t\t\t<figcaption>XIX. DILEMA (Cikel Covid 19.)<\/figcaption>\n\t\t\t\n\t\t<\/figure>\n\t\t\n\n\n\t\t<figure class=\"wp-block-jetpack-videopress jetpack-videopress-player aligncenter\" style=\"\" >\n\t\t\t<div class=\"jetpack-videopress-player__wrapper\"> <iframe title=\"VideoPress Video Player\" aria-label='VideoPress Video Player' width='500' height='281' src='https:\/\/videopress.com\/embed\/IKbunq7J?cover=1&amp;autoPlay=0&amp;controls=1&amp;loop=0&amp;muted=0&amp;persistVolume=1&amp;playsinline=0&amp;preloadContent=metadata&amp;useAverageColor=1&amp;hd=0' frameborder='0' allowfullscreen data-resize-to-parent=\"true\" allow='clipboard-write'><\/iframe><script src='https:\/\/v0.wordpress.com\/js\/next\/videopress-iframe.js?m=1770107250'><\/script><\/div>\n\t\t\t<figcaption>VI. BARKA (Cikel Covid 19.)<\/figcaption>\n\t\t\t\n\t\t<\/figure>\n\t\t\n\n\n<div class=\"wp-block-columns alignfull is-layout-flex wp-container-core-columns-is-layout-0b06e415 wp-block-columns-is-layout-flex\" style=\"padding-right:var(--wp--preset--spacing--30);padding-bottom:var(--wp--preset--spacing--30);padding-left:var(--wp--preset--spacing--30)\">\n<div class=\"wp-block-column is-vertically-aligned-top is-layout-flow wp-block-column-is-layout-flow\">\n<p class=\"has-text-align-right has-white-color has-text-color has-link-color wp-elements-09e14d2340c1f1e416056b32dc90a8b6 wp-block-paragraph\" style=\"padding-right:var(--wp--preset--spacing--40)\">VI. ARC<br><br>I am a stranger<br>In my own homeland.<br>I await the day of redemption,<br>For the bitter darkness to vanish.<br>\u201cSail to the port, my arc!\u201d<br>I don\u2019t have an arc<br>And no harbour.<br>All and nothing is foreign-owned.<br>I wait<br>For the wind to blow<br>And I will own myself! <br><\/p>\n<\/div>\n\n\n\n<div class=\"wp-block-column is-layout-flow wp-block-column-is-layout-flow\">\n<p class=\"has-text-align-left has-white-color has-text-color has-link-color wp-elements-69abdb8b6bf9bfb8e80aa63f4b8a01ec wp-block-paragraph\" style=\"padding-left:var(--wp--preset--spacing--40)\">XIX. DILEMMA <br><br>Where shall I look?<br>Where should I turn?<br>Left or right \u2013 <br>chaos. <br>Ignorantly closing the curtain.<br>It does not matter,<br>Today like this,<br>Tomorrow already different.<br>Whole situation<br>Does not suite me. <br>I do not what to do<br>So I blow hot and cold,<br>By example<br>Holding distance 2 and a half meters.<br>As I do not know how to judge<br>Without being lead. <\/p>\n<\/div>\n<\/div>\n\n\n\n<div class=\"wp-block-group alignfull has-white-background-color has-background has-global-padding is-layout-constrained wp-block-group-is-layout-constrained\" style=\"margin-bottom:-135px;padding-top:var(--wp--preset--spacing--60);padding-bottom:var(--wp--preset--spacing--60)\">\n<figure class=\"wp-block-image size-large\" style=\"margin-top:var(--wp--preset--spacing--10);margin-bottom:var(--wp--preset--spacing--10)\"><img data-recalc-dims=\"1\" loading=\"lazy\" decoding=\"async\" width=\"1152\" height=\"648\" data-attachment-id=\"90\" data-permalink=\"https:\/\/helenaterbuc.com\/de\/literature\/gewalt\/\" data-orig-file=\"https:\/\/i0.wp.com\/helenaterbuc.com\/wp-content\/uploads\/2026\/01\/gewalt.png?fit=1152%2C648&amp;ssl=1\" data-orig-size=\"1152,648\" data-comments-opened=\"1\" data-image-meta=\"{&quot;aperture&quot;:&quot;0&quot;,&quot;credit&quot;:&quot;&quot;,&quot;camera&quot;:&quot;&quot;,&quot;caption&quot;:&quot;&quot;,&quot;created_timestamp&quot;:&quot;0&quot;,&quot;copyright&quot;:&quot;&quot;,&quot;focal_length&quot;:&quot;0&quot;,&quot;iso&quot;:&quot;0&quot;,&quot;shutter_speed&quot;:&quot;0&quot;,&quot;title&quot;:&quot;&quot;,&quot;orientation&quot;:&quot;0&quot;}\" data-image-title=\"GEWALT\" data-image-description=\"\" data-image-caption=\"\" data-large-file=\"https:\/\/i0.wp.com\/helenaterbuc.com\/wp-content\/uploads\/2026\/01\/gewalt.png?fit=1024%2C576&amp;ssl=1\" src=\"https:\/\/i0.wp.com\/helenaterbuc.com\/wp-content\/uploads\/2026\/01\/gewalt.png?resize=1152%2C648&#038;ssl=1\" alt=\"\" class=\"wp-image-90\" \/><\/figure>\n<\/div>","protected":false},"excerpt":{"rendered":"<p>Es ist ein Geschenk f\u00fcr eine Nation, schreiben, lesen und sich in ihrer eigenen Sprache ausdr\u00fccken zu k\u00f6nnen.<\/p>","protected":false},"author":275438193,"featured_media":29,"parent":0,"menu_order":0,"comment_status":"closed","ping_status":"closed","template":"page-central","meta":{"_crdt_document":"","advanced_seo_description":"","jetpack_seo_html_title":"","jetpack_seo_noindex":false,"footnotes":""},"class_list":["post-77","page","type-page","status-publish","has-post-thumbnail","hentry"],"jetpack_likes_enabled":true,"jetpack_sharing_enabled":true,"jetpack_shortlink":"https:\/\/wp.me\/Ph0AS0-1f","jetpack-related-posts":[],"_links":{"self":[{"href":"https:\/\/helenaterbuc.com\/de\/wp-json\/wp\/v2\/pages\/77","targetHints":{"allow":["GET"]}}],"collection":[{"href":"https:\/\/helenaterbuc.com\/de\/wp-json\/wp\/v2\/pages"}],"about":[{"href":"https:\/\/helenaterbuc.com\/de\/wp-json\/wp\/v2\/types\/page"}],"author":[{"embeddable":true,"href":"https:\/\/helenaterbuc.com\/de\/wp-json\/wp\/v2\/users\/275438193"}],"replies":[{"embeddable":true,"href":"https:\/\/helenaterbuc.com\/de\/wp-json\/wp\/v2\/comments?post=77"}],"version-history":[{"count":26,"href":"https:\/\/helenaterbuc.com\/de\/wp-json\/wp\/v2\/pages\/77\/revisions"}],"predecessor-version":[{"id":398,"href":"https:\/\/helenaterbuc.com\/de\/wp-json\/wp\/v2\/pages\/77\/revisions\/398"}],"wp:featuredmedia":[{"embeddable":true,"href":"https:\/\/helenaterbuc.com\/de\/wp-json\/wp\/v2\/media\/29"}],"wp:attachment":[{"href":"https:\/\/helenaterbuc.com\/de\/wp-json\/wp\/v2\/media?parent=77"}],"curies":[{"name":"wp","href":"https:\/\/api.w.org\/{rel}","templated":true}]}}